{"id":370,"date":"2021-03-15T15:21:55","date_gmt":"2021-03-15T14:21:55","guid":{"rendered":"https:\/\/www.agriturismolesecureuils.com\/agriturismo-les-ecureuils\/"},"modified":"2024-11-06T08:55:09","modified_gmt":"2024-11-06T07:55:09","slug":"la-ferme-les-ecureuils","status":"publish","type":"page","link":"https:\/\/www.agriturismolesecureuils.com\/fr\/","title":{"rendered":"La Ferme Les Ecureuils"},"content":{"rendered":"<h3>Les Ecureuils na\u00eet au milieu des ann\u00e9es 1980 d\u2019une id\u00e9e de Glory et Pepe<\/h3>\n<p>Aid\u00e9s par le fils Piero, d\u00e9cident d\u2019ouvrir l\u2019un des premiers agritourismes de la Vall\u00e9e d\u2019Aoste.<br \/>\nL\u2019Agritourisme a toujours fait partie int\u00e9grante de l\u2019exploitation agricole.<br \/>\nAujourd\u2019hui, l\u2019entreprise est g\u00e9r\u00e9e par Piero (responsable des animaux et de la vente des produits), Sandra (la fromag\u00e8re), Laura et Barbara ( responsables du secteur touristique).<br \/>\nLa gestion familiale, l\u2019accueil paysan simple et attentif aux clients et la mise en valeur des produits de l\u2019entreprise sont les aspects qui nous caract\u00e9risent.<\/p>\n","protected":false},"excerpt":{"rendered":"<p>Les Ecureuils na\u00eet au milieu des ann\u00e9es 1980 d\u2019une id\u00e9e de Glory et Pepe Aid\u00e9s par le fils Piero, d\u00e9cident d\u2019ouvrir l\u2019un des premiers agritourismes de la Vall\u00e9e d\u2019Aoste. L\u2019Agritourisme a toujours fait partie int\u00e9grante de l\u2019exploitation agricole. Aujourd\u2019hui, l\u2019entreprise est g\u00e9r\u00e9e par Piero (responsable des animaux et de la vente des produits), Sandra (la [&hellip;]<\/p>\n","protected":false},"author":1,"featured_media":0,"parent":0,"menu_order":4,"comment_status":"closed","ping_status":"open","template":"","meta":{"_acf_changed":false,"footnotes":""},"class_list":["post-370","page","type-page","status-publish","hentry"],"acf":[],"_links":{"self":[{"href":"https:\/\/www.agriturismolesecureuils.com\/fr\/wp-json\/wp\/v2\/pages\/370","targetHints":{"allow":["GET"]}}],"collection":[{"href":"https:\/\/www.agriturismolesecureuils.com\/fr\/wp-json\/wp\/v2\/pages"}],"about":[{"href":"https:\/\/www.agriturismolesecureuils.com\/fr\/wp-json\/wp\/v2\/types\/page"}],"author":[{"embeddable":true,"href":"https:\/\/www.agriturismolesecureuils.com\/fr\/wp-json\/wp\/v2\/users\/1"}],"replies":[{"embeddable":true,"href":"https:\/\/www.agriturismolesecureuils.com\/fr\/wp-json\/wp\/v2\/comments?post=370"}],"version-history":[{"count":3,"href":"https:\/\/www.agriturismolesecureuils.com\/fr\/wp-json\/wp\/v2\/pages\/370\/revisions"}],"predecessor-version":[{"id":676,"href":"https:\/\/www.agriturismolesecureuils.com\/fr\/wp-json\/wp\/v2\/pages\/370\/revisions\/676"}],"wp:attachment":[{"href":"https:\/\/www.agriturismolesecureuils.com\/fr\/wp-json\/wp\/v2\/media?parent=370"}],"curies":[{"name":"wp","href":"https:\/\/api.w.org\/{rel}","templated":true}]}}