{"id":231,"date":"2022-03-03T09:16:46","date_gmt":"2022-03-03T08:16:46","guid":{"rendered":"https:\/\/www.agriturismolesecureuils.com\/contatti\/"},"modified":"2024-11-06T09:05:05","modified_gmt":"2024-11-06T08:05:05","slug":"contact","status":"publish","type":"page","link":"https:\/\/www.agriturismolesecureuils.com\/fr\/contact\/","title":{"rendered":"Contact"},"content":{"rendered":"<p>Nous nous trouvons \u00e0 Saint-Pierre \u00e0 1500mslm \u00e0 une demi-heure en voiture d\u2019Aoste et \u00e0 50 minutes des vall\u00e9es du Parc du Grand Paradis et Courmayeur. M\u00eame si en montagne notre hameau est assez central: c'est un bon point de d\u00e9part pour visiter la moyenne et la haute Vall\u00e9e d\u2019Aoste.<br \/>\nDe la ferme on rejoint, avec une randonn\u00e9e panoramique, le Mont Fall\u00e8re \u00e0 3061 m et son refuge \u00e0 2385 m, ainsi que les villages de Vetan, Vens et Saint-Nicolas.<br \/>\nLa structure se trouve \u00e9galement sur l\u2019\u00e9tape n' 12 du \u201cCammino balteo\u201d.<\/p>\n<p><strong>Pour ceux qui viennent de France:<\/strong><br \/>\nRoute nationale 26 de Courmayeur \u00e0 Saint-Pierre<\/p>\n<p><strong>Pour ceux qui arrivent de Suisse:<\/strong><br \/>\ndu tunnel du Gran Saint-Bernard , descendre en direction d\u2019Aoste et ensuite prendre la route nationale 26 direction Courmayeur<\/p>\n","protected":false},"excerpt":{"rendered":"<p>Nous nous trouvons \u00e0 Saint-Pierre \u00e0 1500mslm \u00e0 une demi-heure en voiture d\u2019Aoste et \u00e0 50 minutes des vall\u00e9es du Parc du Grand Paradis et Courmayeur. M\u00eame si en montagne notre hameau est assez central: c'est un bon point de d\u00e9part pour visiter la moyenne et la haute Vall\u00e9e d\u2019Aoste. De la ferme on rejoint, [&hellip;]<\/p>\n","protected":false},"author":1,"featured_media":144,"parent":0,"menu_order":14,"comment_status":"closed","ping_status":"closed","template":"","meta":{"_acf_changed":false,"footnotes":""},"class_list":["post-231","page","type-page","status-publish","has-post-thumbnail","hentry"],"acf":[],"_links":{"self":[{"href":"https:\/\/www.agriturismolesecureuils.com\/fr\/wp-json\/wp\/v2\/pages\/231","targetHints":{"allow":["GET"]}}],"collection":[{"href":"https:\/\/www.agriturismolesecureuils.com\/fr\/wp-json\/wp\/v2\/pages"}],"about":[{"href":"https:\/\/www.agriturismolesecureuils.com\/fr\/wp-json\/wp\/v2\/types\/page"}],"author":[{"embeddable":true,"href":"https:\/\/www.agriturismolesecureuils.com\/fr\/wp-json\/wp\/v2\/users\/1"}],"replies":[{"embeddable":true,"href":"https:\/\/www.agriturismolesecureuils.com\/fr\/wp-json\/wp\/v2\/comments?post=231"}],"version-history":[{"count":1,"href":"https:\/\/www.agriturismolesecureuils.com\/fr\/wp-json\/wp\/v2\/pages\/231\/revisions"}],"predecessor-version":[{"id":691,"href":"https:\/\/www.agriturismolesecureuils.com\/fr\/wp-json\/wp\/v2\/pages\/231\/revisions\/691"}],"wp:featuredmedia":[{"embeddable":true,"href":"https:\/\/www.agriturismolesecureuils.com\/fr\/wp-json\/wp\/v2\/media\/144"}],"wp:attachment":[{"href":"https:\/\/www.agriturismolesecureuils.com\/fr\/wp-json\/wp\/v2\/media?parent=231"}],"curies":[{"name":"wp","href":"https:\/\/api.w.org\/{rel}","templated":true}]}}