{"id":227,"date":"2022-03-03T09:16:28","date_gmt":"2022-03-03T08:16:28","guid":{"rendered":"https:\/\/www.agriturismolesecureuils.com\/azienda-agricola\/"},"modified":"2024-11-06T09:02:04","modified_gmt":"2024-11-06T08:02:04","slug":"la-ferme","status":"publish","type":"page","link":"https:\/\/www.agriturismolesecureuils.com\/fr\/la-ferme\/","title":{"rendered":"La ferme"},"content":{"rendered":"<h3>La ferme, est un \u201cPunto Campagna Amica\u201d: elle produit et vend du fromage de ch\u00e8vre, du yaourt, de la charcuterie, de la viande et des \u0153ufs.<\/h3>\n<p>Il s\u2019agit d\u2019une activit\u00e9 essentiellement zootechnique centr\u00e9e sur l\u2019\u00e9levage de ch\u00e8vres laiti\u00e8res de race Saanen, de porcs et d\u2019animaux de basse-cour.<br \/>\nLes produits sont utilis\u00e9s \u00e0 la ferme mais ils peuvent \u00e9galement \u00eatre achet\u00e9s directement \u00e0 la ferme ou ils sont vendus chaque semaine aux march\u00e9s, foires, magasins et restaurants du territoire r\u00e9gional.<\/p>\n","protected":false},"excerpt":{"rendered":"<p>La ferme, est un \u201cPunto Campagna Amica\u201d: elle produit et vend du fromage de ch\u00e8vre, du yaourt, de la charcuterie, de la viande et des \u0153ufs. Il s\u2019agit d\u2019une activit\u00e9 essentiellement zootechnique centr\u00e9e sur l\u2019\u00e9levage de ch\u00e8vres laiti\u00e8res de race Saanen, de porcs et d\u2019animaux de basse-cour. Les produits sont utilis\u00e9s \u00e0 la ferme mais [&hellip;]<\/p>\n","protected":false},"author":1,"featured_media":257,"parent":0,"menu_order":11,"comment_status":"closed","ping_status":"closed","template":"","meta":{"_acf_changed":false,"footnotes":""},"class_list":["post-227","page","type-page","status-publish","has-post-thumbnail","hentry"],"acf":[],"_links":{"self":[{"href":"https:\/\/www.agriturismolesecureuils.com\/fr\/wp-json\/wp\/v2\/pages\/227","targetHints":{"allow":["GET"]}}],"collection":[{"href":"https:\/\/www.agriturismolesecureuils.com\/fr\/wp-json\/wp\/v2\/pages"}],"about":[{"href":"https:\/\/www.agriturismolesecureuils.com\/fr\/wp-json\/wp\/v2\/types\/page"}],"author":[{"embeddable":true,"href":"https:\/\/www.agriturismolesecureuils.com\/fr\/wp-json\/wp\/v2\/users\/1"}],"replies":[{"embeddable":true,"href":"https:\/\/www.agriturismolesecureuils.com\/fr\/wp-json\/wp\/v2\/comments?post=227"}],"version-history":[{"count":1,"href":"https:\/\/www.agriturismolesecureuils.com\/fr\/wp-json\/wp\/v2\/pages\/227\/revisions"}],"predecessor-version":[{"id":688,"href":"https:\/\/www.agriturismolesecureuils.com\/fr\/wp-json\/wp\/v2\/pages\/227\/revisions\/688"}],"wp:featuredmedia":[{"embeddable":true,"href":"https:\/\/www.agriturismolesecureuils.com\/fr\/wp-json\/wp\/v2\/media\/257"}],"wp:attachment":[{"href":"https:\/\/www.agriturismolesecureuils.com\/fr\/wp-json\/wp\/v2\/media?parent=227"}],"curies":[{"name":"wp","href":"https:\/\/api.w.org\/{rel}","templated":true}]}}