{"id":219,"date":"2022-03-03T09:15:26","date_gmt":"2022-03-03T08:15:26","guid":{"rendered":"https:\/\/www.agriturismolesecureuils.com\/camere\/"},"modified":"2024-11-06T09:10:24","modified_gmt":"2024-11-06T08:10:24","slug":"chambres","status":"publish","type":"page","link":"https:\/\/www.agriturismolesecureuils.com\/fr\/chambres\/","title":{"rendered":"Chambres"},"content":{"rendered":"<h3>L'Agritourisme se compose de 5 chambres<br \/>\nchaleureuses et accueillantes<\/h3>\n<p>Elles sont toutes \u00e9quip\u00e9es de salle de bain priv\u00e9e dans la chambre, chauffage individuel, Wi-Fi gratuit, s\u00e8che-cheveux, draps et serviettes de bain et set de courtoisie. Trois d\u2019entre elles sont situ\u00e9es sur le devant du b\u00e2timent et disposent d\u2019un balcon panoramique avec vue sur les montagnes et les vall\u00e9es du Parc du Grand Paradis.<br \/>\nPossibilit\u00e9 de demander berceau et set b\u00e9b\u00e9 (baignoire\/table \u00e0 langer\/barri\u00e8re lat\u00e9rale)<\/p>\n<p>Check-in d\u00e8s h17:00<br \/>\nCheck-out \u00e0 h10:30<\/p>\n","protected":false},"excerpt":{"rendered":"<p>L'Agritourisme se compose de 5 chambres chaleureuses et accueillantes Elles sont toutes \u00e9quip\u00e9es de salle de bain priv\u00e9e dans la chambre, chauffage individuel, Wi-Fi gratuit, s\u00e8che-cheveux, draps et serviettes de bain et set de courtoisie. Trois d\u2019entre elles sont situ\u00e9es sur le devant du b\u00e2timent et disposent d\u2019un balcon panoramique avec vue sur les montagnes [&hellip;]<\/p>\n","protected":false},"author":1,"featured_media":260,"parent":0,"menu_order":7,"comment_status":"closed","ping_status":"closed","template":"","meta":{"_acf_changed":false,"footnotes":""},"class_list":["post-219","page","type-page","status-publish","has-post-thumbnail","hentry"],"acf":[],"_links":{"self":[{"href":"https:\/\/www.agriturismolesecureuils.com\/fr\/wp-json\/wp\/v2\/pages\/219","targetHints":{"allow":["GET"]}}],"collection":[{"href":"https:\/\/www.agriturismolesecureuils.com\/fr\/wp-json\/wp\/v2\/pages"}],"about":[{"href":"https:\/\/www.agriturismolesecureuils.com\/fr\/wp-json\/wp\/v2\/types\/page"}],"author":[{"embeddable":true,"href":"https:\/\/www.agriturismolesecureuils.com\/fr\/wp-json\/wp\/v2\/users\/1"}],"replies":[{"embeddable":true,"href":"https:\/\/www.agriturismolesecureuils.com\/fr\/wp-json\/wp\/v2\/comments?post=219"}],"version-history":[{"count":2,"href":"https:\/\/www.agriturismolesecureuils.com\/fr\/wp-json\/wp\/v2\/pages\/219\/revisions"}],"predecessor-version":[{"id":701,"href":"https:\/\/www.agriturismolesecureuils.com\/fr\/wp-json\/wp\/v2\/pages\/219\/revisions\/701"}],"wp:featuredmedia":[{"embeddable":true,"href":"https:\/\/www.agriturismolesecureuils.com\/fr\/wp-json\/wp\/v2\/media\/260"}],"wp:attachment":[{"href":"https:\/\/www.agriturismolesecureuils.com\/fr\/wp-json\/wp\/v2\/media?parent=219"}],"curies":[{"name":"wp","href":"https:\/\/api.w.org\/{rel}","templated":true}]}}